{"id":48724,"date":"2018-12-20T13:54:48","date_gmt":"2018-12-20T13:54:48","guid":{"rendered":"http:\/\/simapro.net\/?page_id=48724"},"modified":"2024-02-09T15:08:32","modified_gmt":"2024-02-09T13:08:32","slug":"participate","status":"publish","type":"page","link":"https:\/\/simapro.net\/en\/participate\/","title":{"rendered":"Participate as a partner"},"content":{"rendered":"<section id=\"inscripcion\">\nReasons to participate<\/p>\n<ul>\n<li>Active participation in the conference program<\/li>\n<li>Free invitations for your best customers<\/li>\n<li>Positioning as an industry leader<\/li>\n<li>Participation in exclusive networking events with other industry leaders<\/li>\n<li>Visibility and reputation within the industry<\/li>\n<li>Countless business opportunities<\/li>\n<li>Obtain quality leads<\/li>\n<li>360\u00ba marketing and communication<\/li>\n<li>Participate in the event organization<\/li>\n<li>Direct contact with the participants and access to the BBDD<\/li>\n<li>Image in CORPORATE BUSINESS AREA<\/li>\n<li>Present your projects and innovations<\/li>\n<\/ul>\n<\/section>\n<section id=\"inscripcion\">\n<div class=\"bloque-columnas\">\n<div class=\"bloque-columnas-image\"><img loading=\"lazy\" decoding=\"async\" src=\"https:\/\/simapro.net\/wp-content\/uploads\/2022\/06\/galeria-proptech-expo-05-26-2022-sima-ambiente-1056.jpg\" alt=\"\" width=\"1600\" height=\"1065\" class=\"alignnone size-full wp-image-67902\" srcset=\"https:\/\/simapro.net\/wp-content\/uploads\/2022\/06\/galeria-proptech-expo-05-26-2022-sima-ambiente-1056.jpg 1600w, https:\/\/simapro.net\/wp-content\/uploads\/2022\/06\/galeria-proptech-expo-05-26-2022-sima-ambiente-1056-300x200.jpg 300w, https:\/\/simapro.net\/wp-content\/uploads\/2022\/06\/galeria-proptech-expo-05-26-2022-sima-ambiente-1056-1024x682.jpg 1024w, https:\/\/simapro.net\/wp-content\/uploads\/2022\/06\/galeria-proptech-expo-05-26-2022-sima-ambiente-1056-768x511.jpg 768w, https:\/\/simapro.net\/wp-content\/uploads\/2022\/06\/galeria-proptech-expo-05-26-2022-sima-ambiente-1056-1536x1022.jpg 1536w\" sizes=\"auto, (max-width: 1600px) 100vw, 1600px\" \/><\/div>\n<div class=\"bloque-columnas-content\">\n<h2>Request more information<\/h2>\n<p>Do you want to be a partner of SIMAPRO 2023?<\/p>\n<div class=\"box-button\"><a href=\"https:\/\/simapro.net\/en\/contact\/\">Request more information<\/a><\/div>\n<\/div>\n<\/div>\n<\/section>\n<section id=\"inscripcion\">\n<h2>Previous edition<\/h2>\n<div class=\"box-button\"><a href=\"https:\/\/simapro.net\/asi-fue-simapro-2022\/\">That was SIMAPRO 2022<\/a><\/div>\n<p><figure class=\"youtube\" style=\"background-image:url(https:\/\/img.youtube.com\/vi\/nDoan9zysO4\/maxresdefault.jpg); background-size: cover;\"><a class=\"show glightboxvideo\" href=\"https:\/\/youtu.be\/nDoan9zysO4\"><i class=\"gg-play-button\"><\/i><\/a>\n\t\t<div class=\"youtube-consent\"><p class=\"titulo\">\u00a1CONTENIDO BLOQUEADO!<\/p>\n\t<p>Aqu\u00ed hay un v\u00eddeo que no puedes ver debido a tu configuraci\u00f3n de cookies.<\/p>\n\t<p>Puedes cambiar la configuraci\u00f3n o abrir el v\u00eddeo en <a class=\"botonDerecha\" href=\"https:\/\/youtu.be\/nDoan9zysO4\" target=\"_blank\" rel=\"noopener noreferrer\">youtube.com<\/a><\/p><\/div>\n\n<\/figure><script>\n\t(function($) {\n\t\t$().ready(function() {\n\t\t\tsetTimeout(function(){\n\t\t\t\t\/\/$(\".youtube-consent\").show();\n\t\t\t}, 2000);\n\t\t});\n\t})(jQuery);\n\t<\/script><br \/>\n<\/section>\n","protected":false},"excerpt":{"rendered":"<p>Reasons to participate Active participation in the conference program Free invitations for your best customers Positioning as an industry leader Participation in exclusive networking events with other industry leaders Visibility and reputation within the industry Countless business opportunities Obtain quality leads 360\u00ba marketing and communication Participate in the event organization&hellip;<\/p>\n","protected":false},"author":1,"featured_media":67206,"parent":0,"menu_order":0,"comment_status":"closed","ping_status":"closed","template":"","meta":{"footnotes":""},"class_list":["post-48724","page","type-page","status-publish","has-post-thumbnail","hentry"],"yoast_head":"<!-- This site is optimized with the Yoast SEO plugin v24.2 - https:\/\/yoast.com\/wordpress\/plugins\/seo\/ -->\n<title>Participate as a partner - SIMAPRO<\/title>\n<meta name=\"robots\" content=\"index, follow, max-snippet:-1, max-image-preview:large, max-video-preview:-1\" \/>\n<link rel=\"canonical\" href=\"https:\/\/simapro.net\/en\/participate\/\" \/>\n<meta property=\"og:locale\" content=\"en_US\" \/>\n<meta property=\"og:type\" content=\"article\" \/>\n<meta property=\"og:title\" content=\"Participate as a partner - SIMAPRO\" \/>\n<meta property=\"og:description\" content=\"Reasons to participate Active participation in the conference program Free invitations for your best customers Positioning as an industry leader Participation in exclusive networking events with other industry leaders Visibility and reputation within the industry Countless business opportunities Obtain quality leads 360\u00ba marketing and communication Participate in the event organization&hellip;\" \/>\n<meta property=\"og:url\" content=\"https:\/\/simapro.net\/en\/participate\/\" \/>\n<meta property=\"og:site_name\" content=\"SIMAPRO\" \/>\n<meta property=\"article:modified_time\" content=\"2024-02-09T13:08:32+00:00\" \/>\n<meta property=\"og:image\" content=\"https:\/\/simapro.net\/wp-content\/uploads\/2022\/06\/simapro-2022-jueves-26-05-26-2022-simapro1-0438.jpg\" \/>\n\t<meta property=\"og:image:width\" content=\"1600\" \/>\n\t<meta property=\"og:image:height\" content=\"1067\" \/>\n\t<meta property=\"og:image:type\" content=\"image\/jpeg\" \/>\n<meta name=\"twitter:card\" content=\"summary_large_image\" \/>\n<meta name=\"twitter:label1\" content=\"Est. reading time\" \/>\n\t<meta name=\"twitter:data1\" content=\"1 minute\" \/>\n<script type=\"application\/ld+json\" class=\"yoast-schema-graph\">{\"@context\":\"https:\/\/schema.org\",\"@graph\":[{\"@type\":\"WebPage\",\"@id\":\"https:\/\/simapro.net\/en\/participate\/\",\"url\":\"https:\/\/simapro.net\/en\/participate\/\",\"name\":\"Participate as a partner - SIMAPRO\",\"isPartOf\":{\"@id\":\"https:\/\/simapro.net\/#website\"},\"primaryImageOfPage\":{\"@id\":\"https:\/\/simapro.net\/en\/participate\/#primaryimage\"},\"image\":{\"@id\":\"https:\/\/simapro.net\/en\/participate\/#primaryimage\"},\"thumbnailUrl\":\"https:\/\/simapro.net\/wp-content\/uploads\/2022\/06\/simapro-2022-jueves-26-05-26-2022-simapro1-0438.jpg\",\"datePublished\":\"2018-12-20T13:54:48+00:00\",\"dateModified\":\"2024-02-09T13:08:32+00:00\",\"breadcrumb\":{\"@id\":\"https:\/\/simapro.net\/en\/participate\/#breadcrumb\"},\"inLanguage\":\"en-US\",\"potentialAction\":[{\"@type\":\"ReadAction\",\"target\":[\"https:\/\/simapro.net\/en\/participate\/\"]}]},{\"@type\":\"ImageObject\",\"inLanguage\":\"en-US\",\"@id\":\"https:\/\/simapro.net\/en\/participate\/#primaryimage\",\"url\":\"https:\/\/simapro.net\/wp-content\/uploads\/2022\/06\/simapro-2022-jueves-26-05-26-2022-simapro1-0438.jpg\",\"contentUrl\":\"https:\/\/simapro.net\/wp-content\/uploads\/2022\/06\/simapro-2022-jueves-26-05-26-2022-simapro1-0438.jpg\",\"width\":1600,\"height\":1067},{\"@type\":\"BreadcrumbList\",\"@id\":\"https:\/\/simapro.net\/en\/participate\/#breadcrumb\",\"itemListElement\":[{\"@type\":\"ListItem\",\"position\":1,\"name\":\"Home\",\"item\":\"https:\/\/simapro.net\/en\/\"},{\"@type\":\"ListItem\",\"position\":2,\"name\":\"Participate as a partner\"}]},{\"@type\":\"WebSite\",\"@id\":\"https:\/\/simapro.net\/#website\",\"url\":\"https:\/\/simapro.net\/\",\"name\":\"SIMAPRO\",\"description\":\"The Future in Now\",\"potentialAction\":[{\"@type\":\"SearchAction\",\"target\":{\"@type\":\"EntryPoint\",\"urlTemplate\":\"https:\/\/simapro.net\/?s={search_term_string}\"},\"query-input\":{\"@type\":\"PropertyValueSpecification\",\"valueRequired\":true,\"valueName\":\"search_term_string\"}}],\"inLanguage\":\"en-US\"}]}<\/script>\n<!-- \/ Yoast SEO plugin. -->","yoast_head_json":{"title":"Participate as a partner - SIMAPRO","robots":{"index":"index","follow":"follow","max-snippet":"max-snippet:-1","max-image-preview":"max-image-preview:large","max-video-preview":"max-video-preview:-1"},"canonical":"https:\/\/simapro.net\/en\/participate\/","og_locale":"en_US","og_type":"article","og_title":"Participate as a partner - SIMAPRO","og_description":"Reasons to participate Active participation in the conference program Free invitations for your best customers Positioning as an industry leader Participation in exclusive networking events with other industry leaders Visibility and reputation within the industry Countless business opportunities Obtain quality leads 360\u00ba marketing and communication Participate in the event organization&hellip;","og_url":"https:\/\/simapro.net\/en\/participate\/","og_site_name":"SIMAPRO","article_modified_time":"2024-02-09T13:08:32+00:00","og_image":[{"width":1600,"height":1067,"url":"https:\/\/simapro.net\/wp-content\/uploads\/2022\/06\/simapro-2022-jueves-26-05-26-2022-simapro1-0438.jpg","type":"image\/jpeg"}],"twitter_card":"summary_large_image","twitter_misc":{"Est. reading time":"1 minute"},"schema":{"@context":"https:\/\/schema.org","@graph":[{"@type":"WebPage","@id":"https:\/\/simapro.net\/en\/participate\/","url":"https:\/\/simapro.net\/en\/participate\/","name":"Participate as a partner - SIMAPRO","isPartOf":{"@id":"https:\/\/simapro.net\/#website"},"primaryImageOfPage":{"@id":"https:\/\/simapro.net\/en\/participate\/#primaryimage"},"image":{"@id":"https:\/\/simapro.net\/en\/participate\/#primaryimage"},"thumbnailUrl":"https:\/\/simapro.net\/wp-content\/uploads\/2022\/06\/simapro-2022-jueves-26-05-26-2022-simapro1-0438.jpg","datePublished":"2018-12-20T13:54:48+00:00","dateModified":"2024-02-09T13:08:32+00:00","breadcrumb":{"@id":"https:\/\/simapro.net\/en\/participate\/#breadcrumb"},"inLanguage":"en-US","potentialAction":[{"@type":"ReadAction","target":["https:\/\/simapro.net\/en\/participate\/"]}]},{"@type":"ImageObject","inLanguage":"en-US","@id":"https:\/\/simapro.net\/en\/participate\/#primaryimage","url":"https:\/\/simapro.net\/wp-content\/uploads\/2022\/06\/simapro-2022-jueves-26-05-26-2022-simapro1-0438.jpg","contentUrl":"https:\/\/simapro.net\/wp-content\/uploads\/2022\/06\/simapro-2022-jueves-26-05-26-2022-simapro1-0438.jpg","width":1600,"height":1067},{"@type":"BreadcrumbList","@id":"https:\/\/simapro.net\/en\/participate\/#breadcrumb","itemListElement":[{"@type":"ListItem","position":1,"name":"Home","item":"https:\/\/simapro.net\/en\/"},{"@type":"ListItem","position":2,"name":"Participate as a partner"}]},{"@type":"WebSite","@id":"https:\/\/simapro.net\/#website","url":"https:\/\/simapro.net\/","name":"SIMAPRO","description":"The Future in Now","potentialAction":[{"@type":"SearchAction","target":{"@type":"EntryPoint","urlTemplate":"https:\/\/simapro.net\/?s={search_term_string}"},"query-input":{"@type":"PropertyValueSpecification","valueRequired":true,"valueName":"search_term_string"}}],"inLanguage":"en-US"}]}},"_links":{"self":[{"href":"https:\/\/simapro.net\/en\/wp-json\/wp\/v2\/pages\/48724","targetHints":{"allow":["GET"]}}],"collection":[{"href":"https:\/\/simapro.net\/en\/wp-json\/wp\/v2\/pages"}],"about":[{"href":"https:\/\/simapro.net\/en\/wp-json\/wp\/v2\/types\/page"}],"author":[{"embeddable":true,"href":"https:\/\/simapro.net\/en\/wp-json\/wp\/v2\/users\/1"}],"replies":[{"embeddable":true,"href":"https:\/\/simapro.net\/en\/wp-json\/wp\/v2\/comments?post=48724"}],"version-history":[{"count":67,"href":"https:\/\/simapro.net\/en\/wp-json\/wp\/v2\/pages\/48724\/revisions"}],"predecessor-version":[{"id":71898,"href":"https:\/\/simapro.net\/en\/wp-json\/wp\/v2\/pages\/48724\/revisions\/71898"}],"wp:featuredmedia":[{"embeddable":true,"href":"https:\/\/simapro.net\/en\/wp-json\/wp\/v2\/media\/67206"}],"wp:attachment":[{"href":"https:\/\/simapro.net\/en\/wp-json\/wp\/v2\/media?parent=48724"}],"curies":[{"name":"wp","href":"https:\/\/api.w.org\/{rel}","templated":true}]}}